{"id":66,"date":"2022-03-27T00:17:51","date_gmt":"2022-03-27T00:17:51","guid":{"rendered":"https:\/\/shotokankarate.com.br\/?page_id=66"},"modified":"2022-03-27T00:27:22","modified_gmt":"2022-03-27T00:27:22","slug":"dojo-kun","status":"publish","type":"page","link":"https:\/\/shotokankarate.com.br\/index.php\/dojo-kun\/","title":{"rendered":"Dojo Kun"},"content":{"rendered":"\n<p>Em&nbsp;<a href=\"https:\/\/pt.wikipedia.org\/wiki\/L%C3%ADngua_japonesa\">japon\u00eas<\/a>, o Dojo Kun sempre come\u00e7a com a palavra&nbsp;<em>Hitotsu<\/em>&nbsp;(primeiramente), pois, para o pai do karate, todos os preceitos s\u00e3o importantes e devem ser exercidos igualmente.<\/p>\n\n\n\n<ul class=\"wp-block-list\"><li><strong>\u4e00\u3001\u4eba\u683c\u5b8c\u6210\u306b\u52aa\u3080\u308b\u3053\u3068<\/strong><\/li><\/ul>\n\n\n\n<p><small><em>HITOTSU! JINKAKU KANSEI NI TSUTOMURU KOTO!<\/em><\/small><br><strong>Primeiramente, Esfor\u00e7ar-se para a forma\u00e7\u00e3o do car\u00e1ter!<\/strong><\/p>\n\n\n\n<p><small>Significa que deve-se esfor\u00e7ar-se para sempre ter um bom car\u00e1ter, seguindo sempre as leis, sendo respeitoso e tudo o que envolva o bom car\u00e1ter<\/small><\/p>\n\n\n\n<ul class=\"wp-block-list\"><li><strong>\u4e00\u3001\u8aa0\u306e\u9053\u3092\u5b88\u308b\u3053\u3068<\/strong><\/li><\/ul>\n\n\n\n<p><small><em>HITOTSU! MAKOTO NO MICHI O MAMORU KOTO!<\/em><\/small><br><strong>Primeiramente, esfor\u00e7ar-se para manter-se no verdadeiro caminho da raz\u00e3o!<\/strong><\/p>\n\n\n\n<p><small>Significa que sempre deve ter em si a valoriza\u00e7\u00e3o da honestidade, sempre sendo verdadeiro e sempre se guiando pela raz\u00e3o e n\u00e3o pela emo\u00e7\u00e3o<\/small><\/p>\n\n\n\n<ul class=\"wp-block-list\"><li><strong>\u4e00\u3001\u52aa\u529b\u306e\u7cbe\u795e\u3092\u990a\u3046\u3053\u3068<\/strong><\/li><\/ul>\n\n\n\n<p><small><em>HITOTSU! DORYOKU NO SEISHIN O YASHINAU KOTO!<\/em><\/small><br><strong>Primeiramente, Criar o intuito do esfor\u00e7o<\/strong><\/p>\n\n\n\n<p><small>Significa que sempre deve-se ter a inten\u00e7\u00e3o de se esfor\u00e7ar sempre ao m\u00e1ximo pelos seus objetivos<\/small><\/p>\n\n\n\n<ul class=\"wp-block-list\"><li><strong>\u4e00\u3001\u793c\u5100\u3092\u91cd\u3093\u305a\u308b\u3053\u3068<\/strong><\/li><\/ul>\n\n\n\n<p><small><em>HITOTSU! REIGI O OMONZURU KOTO!<\/em><\/small><br><strong>Primeiramente, Respeito acima de tudo<\/strong><\/p>\n\n\n\n<p><small>Significa que sempre deve-se respeitar a todos, pais, filhos, amigos, patr\u00e3o, subordinado, independente do cargo e\/ou de quem seja<\/small><\/p>\n\n\n\n<ul class=\"wp-block-list\"><li><strong>\u4e00\u3001\u8840\u6c17\u306e\u52c7\u3092\u6212\u3080\u308b\u3053\u3068<\/strong><\/li><\/ul>\n\n\n\n<p><small><em>HITOTSU! KEKKI NO YU O IMASHIMURU KOTO!<\/em><\/small><br><strong>Primeiramente, Conter o esp\u00edrito de agress\u00e3o<\/strong><\/p>\n\n\n\n<p><small>Significa que sempre deve- manter calmo e n\u00e3o usar o conhecimento em artes marciais contra os outros, sabendo eles ou n\u00e3o alguma arte marcial, alguma forma de se defender, sendo que tal conhecimento s\u00f3 deve ser usado em autodefesa e\/ou defesa de algu\u00e9m injusti\u00e7ado<\/small><\/p>\n","protected":false},"excerpt":{"rendered":"<p>Em&nbsp;japon\u00eas, o Dojo Kun sempre come\u00e7a com a palavra&nbsp;Hitotsu&nbsp;(primeiramente), pois, para o pai do karate, todos os preceitos s\u00e3o importantes e devem ser exercidos igualmente. \u4e00\u3001\u4eba\u683c\u5b8c\u6210\u306b\u52aa\u3080\u308b\u3053\u3068 HITOTSU! JINKAKU KANSEI NI TSUTOMURU KOTO!Primeiramente, Esfor\u00e7ar-se para a forma\u00e7\u00e3o do car\u00e1ter! Significa que deve-se esfor\u00e7ar-se para sempre ter um bom car\u00e1ter, seguindo sempre as leis, sendo respeitoso e<\/p>\n<p><a href=\"https:\/\/shotokankarate.com.br\/index.php\/dojo-kun\/\" class=\"more-link themebutton\">Read More<\/a><\/p>\n","protected":false},"author":1,"featured_media":0,"parent":0,"menu_order":0,"comment_status":"closed","ping_status":"closed","template":"","meta":{"om_disable_all_campaigns":false,"_monsterinsights_skip_tracking":false,"_monsterinsights_sitenote_active":false,"_monsterinsights_sitenote_note":"","_monsterinsights_sitenote_category":0,"footnotes":""},"class_list":["post-66","page","type-page","status-publish","hentry"],"aioseo_notices":[],"_links":{"self":[{"href":"https:\/\/shotokankarate.com.br\/index.php\/wp-json\/wp\/v2\/pages\/66","targetHints":{"allow":["GET"]}}],"collection":[{"href":"https:\/\/shotokankarate.com.br\/index.php\/wp-json\/wp\/v2\/pages"}],"about":[{"href":"https:\/\/shotokankarate.com.br\/index.php\/wp-json\/wp\/v2\/types\/page"}],"author":[{"embeddable":true,"href":"https:\/\/shotokankarate.com.br\/index.php\/wp-json\/wp\/v2\/users\/1"}],"replies":[{"embeddable":true,"href":"https:\/\/shotokankarate.com.br\/index.php\/wp-json\/wp\/v2\/comments?post=66"}],"version-history":[{"count":4,"href":"https:\/\/shotokankarate.com.br\/index.php\/wp-json\/wp\/v2\/pages\/66\/revisions"}],"predecessor-version":[{"id":79,"href":"https:\/\/shotokankarate.com.br\/index.php\/wp-json\/wp\/v2\/pages\/66\/revisions\/79"}],"wp:attachment":[{"href":"https:\/\/shotokankarate.com.br\/index.php\/wp-json\/wp\/v2\/media?parent=66"}],"curies":[{"name":"wp","href":"https:\/\/api.w.org\/{rel}","templated":true}]}}