{"id":67,"date":"2022-03-27T00:17:51","date_gmt":"2022-03-27T00:17:51","guid":{"rendered":"https:\/\/shotokankarate.com.br\/?page_id=67"},"modified":"2025-06-06T21:04:17","modified_gmt":"2025-06-06T21:04:17","slug":"noticias","status":"publish","type":"page","link":"https:\/\/shotokankarate.com.br\/index.php\/noticias\/","title":{"rendered":"Noticias"},"content":{"rendered":"\t\t<div data-elementor-type=\"wp-page\" data-elementor-id=\"67\" class=\"elementor elementor-67\">\n\t\t\t\t\t\t<section class=\"elementor-section elementor-top-section elementor-element elementor-element-0312217 elementor-section-boxed elementor-section-height-default elementor-section-height-default\" data-id=\"0312217\" data-element_type=\"section\" data-e-type=\"section\">\n\t\t\t\t\t\t<div class=\"elementor-container elementor-column-gap-default\">\n\t\t\t\t\t<div class=\"elementor-column elementor-col-25 elementor-top-column elementor-element elementor-element-02739b9\" data-id=\"02739b9\" data-element_type=\"column\" data-e-type=\"column\">\n\t\t\t<div class=\"elementor-widget-wrap elementor-element-populated\">\n\t\t\t\t\t\t<div class=\"elementor-element elementor-element-dde9ff8 elementor-widget elementor-widget-text-editor\" data-id=\"dde9ff8\" data-element_type=\"widget\" data-e-type=\"widget\" data-widget_type=\"text-editor.default\">\n\t\t\t\t<div class=\"elementor-widget-container\">\n\t\t\t\t\t\t\t\t\t<p><blockquote class=\"wp-embedded-content\" data-secret=\"FH89KIihIt\"><a href=\"https:\/\/revistabudo.com.br\/shoshin-%e5%88%9d%e5%bf%83-a-mente-do-principiante-e-a-busca-pela-sabedoria-no-budo\/\">Shoshin (\u521d\u5fc3): a mente do principiante e a busca pela sabedoria no Bud\u00f4<\/a><\/blockquote><iframe class=\"wp-embedded-content\" sandbox=\"allow-scripts\" security=\"restricted\" style=\"position: absolute; visibility: hidden;\" title=\"&#8220;Shoshin (\u521d\u5fc3): a mente do principiante e a busca pela sabedoria no Bud\u00f4&#8221; &#8212; Revista Bud\u00f4\" src=\"https:\/\/revistabudo.com.br\/shoshin-%e5%88%9d%e5%bf%83-a-mente-do-principiante-e-a-busca-pela-sabedoria-no-budo\/embed\/#?secret=FH89KIihIt\" data-secret=\"FH89KIihIt\" width=\"600\" height=\"338\" frameborder=\"0\" marginwidth=\"0\" marginheight=\"0\" scrolling=\"no\"><\/iframe><\/p>\t\t\t\t\t\t\t\t<\/div>\n\t\t\t\t<\/div>\n\t\t\t\t\t<\/div>\n\t\t<\/div>\n\t\t\t\t<div class=\"elementor-column elementor-col-25 elementor-top-column elementor-element elementor-element-546e65c\" data-id=\"546e65c\" data-element_type=\"column\" data-e-type=\"column\">\n\t\t\t<div class=\"elementor-widget-wrap\">\n\t\t\t\t\t\t\t<\/div>\n\t\t<\/div>\n\t\t\t\t<div class=\"elementor-column elementor-col-25 elementor-top-column elementor-element elementor-element-a3b6971\" data-id=\"a3b6971\" data-element_type=\"column\" data-e-type=\"column\">\n\t\t\t<div class=\"elementor-widget-wrap\">\n\t\t\t\t\t\t\t<\/div>\n\t\t<\/div>\n\t\t\t\t<div class=\"elementor-column elementor-col-25 elementor-top-column elementor-element elementor-element-49a746b\" data-id=\"49a746b\" data-element_type=\"column\" data-e-type=\"column\">\n\t\t\t<div class=\"elementor-widget-wrap\">\n\t\t\t\t\t\t\t<\/div>\n\t\t<\/div>\n\t\t\t\t\t<\/div>\n\t\t<\/section>\n\t\t\t\t<section class=\"elementor-section elementor-top-section elementor-element elementor-element-c2d8b27 elementor-section-boxed elementor-section-height-default elementor-section-height-default\" data-id=\"c2d8b27\" data-element_type=\"section\" data-e-type=\"section\">\n\t\t\t\t\t\t<div class=\"elementor-container elementor-column-gap-default\">\n\t\t\t\t\t<div class=\"elementor-column elementor-col-25 elementor-top-column elementor-element elementor-element-f56d3be\" data-id=\"f56d3be\" data-element_type=\"column\" data-e-type=\"column\">\n\t\t\t<div class=\"elementor-widget-wrap elementor-element-populated\">\n\t\t\t\t\t\t<div class=\"elementor-element elementor-element-3847512 elementor-widget elementor-widget-text-editor\" data-id=\"3847512\" data-element_type=\"widget\" data-e-type=\"widget\" data-widget_type=\"text-editor.default\">\n\t\t\t\t<div class=\"elementor-widget-container\">\n\t\t\t\t\t\t\t\t\t<p><blockquote class=\"wp-embedded-content\" data-secret=\"65CRzpbSKW\"><a href=\"https:\/\/revistabudo.com.br\/com-programacao-extensa-21o-mundial-de-karate-tradicional-da-eslovenia-consolida-inovacoes-da-itkf\/\">Com programa\u00e7\u00e3o extensa 21\u00ba mundial de Karat\u00ea Tradicional da Eslov\u00eania consolida inova\u00e7\u00f5es da ITKF<\/a><\/blockquote><iframe class=\"wp-embedded-content\" sandbox=\"allow-scripts\" security=\"restricted\" style=\"position: absolute; clip: rect(1px, 1px, 1px, 1px);\" title=\"&#8220;Com programa\u00e7\u00e3o extensa 21\u00ba mundial de Karat\u00ea Tradicional da Eslov\u00eania consolida inova\u00e7\u00f5es da ITKF&#8221; &#8212; Revista Bud\u00f4\" src=\"https:\/\/revistabudo.com.br\/com-programacao-extensa-21o-mundial-de-karate-tradicional-da-eslovenia-consolida-inovacoes-da-itkf\/embed\/#?secret=65CRzpbSKW\" data-secret=\"65CRzpbSKW\" width=\"600\" height=\"338\" frameborder=\"0\" marginwidth=\"0\" marginheight=\"0\" scrolling=\"no\"><\/iframe><\/p>\t\t\t\t\t\t\t\t<\/div>\n\t\t\t\t<\/div>\n\t\t\t\t\t<\/div>\n\t\t<\/div>\n\t\t\t\t<div class=\"elementor-column elementor-col-25 elementor-top-column elementor-element elementor-element-b710710\" data-id=\"b710710\" data-element_type=\"column\" data-e-type=\"column\">\n\t\t\t<div class=\"elementor-widget-wrap elementor-element-populated\">\n\t\t\t\t\t\t<div class=\"elementor-element elementor-element-ce62e54 elementor-widget elementor-widget-text-editor\" data-id=\"ce62e54\" data-element_type=\"widget\" data-e-type=\"widget\" data-widget_type=\"text-editor.default\">\n\t\t\t\t<div class=\"elementor-widget-container\">\n\t\t\t\t\t\t\t\t\t<p><blockquote class=\"wp-embedded-content\" data-secret=\"uwwEGadfdX\"><a href=\"https:\/\/purokarate.com.br\/2020\/05\/15\/sobre-a-chegada-do-karate-no-brasil\/\">Sobre a chegada do Karate no Brasil<\/a><\/blockquote><iframe class=\"wp-embedded-content\" sandbox=\"allow-scripts\" security=\"restricted\" style=\"position: absolute; clip: rect(1px, 1px, 1px, 1px);\" title=\"&#8220;Sobre a chegada do Karate no Brasil&#8221; &#8212; Puro Karate\" src=\"https:\/\/purokarate.com.br\/2020\/05\/15\/sobre-a-chegada-do-karate-no-brasil\/embed\/#?secret=CkEHGnmUBf#?secret=uwwEGadfdX\" data-secret=\"uwwEGadfdX\" width=\"600\" height=\"338\" frameborder=\"0\" marginwidth=\"0\" marginheight=\"0\" scrolling=\"no\"><\/iframe><\/p>\t\t\t\t\t\t\t\t<\/div>\n\t\t\t\t<\/div>\n\t\t\t\t\t<\/div>\n\t\t<\/div>\n\t\t\t\t<div class=\"elementor-column elementor-col-25 elementor-top-column elementor-element elementor-element-4bf66a1\" data-id=\"4bf66a1\" data-element_type=\"column\" data-e-type=\"column\">\n\t\t\t<div class=\"elementor-widget-wrap elementor-element-populated\">\n\t\t\t\t\t\t<div class=\"elementor-element elementor-element-f572b68 elementor-widget elementor-widget-text-editor\" data-id=\"f572b68\" data-element_type=\"widget\" data-e-type=\"widget\" data-widget_type=\"text-editor.default\">\n\t\t\t\t<div class=\"elementor-widget-container\">\n\t\t\t\t\t\t\t\t\t<p><blockquote class=\"wp-embedded-content\" data-secret=\"ddgRfvMCU4\"><a href=\"https:\/\/revistabudo.com.br\/budo-a-conexao\/\">Bud\u00f4: a conex\u00e3o<\/a><\/blockquote><iframe class=\"wp-embedded-content\" sandbox=\"allow-scripts\" security=\"restricted\" style=\"position: absolute; clip: rect(1px, 1px, 1px, 1px);\" title=\"&#8220;Bud\u00f4: a conex\u00e3o&#8221; &#8212; Revista Bud\u00f4\" src=\"https:\/\/revistabudo.com.br\/budo-a-conexao\/embed\/#?secret=ddgRfvMCU4\" data-secret=\"ddgRfvMCU4\" width=\"600\" height=\"338\" frameborder=\"0\" marginwidth=\"0\" marginheight=\"0\" scrolling=\"no\"><\/iframe><\/p>\t\t\t\t\t\t\t\t<\/div>\n\t\t\t\t<\/div>\n\t\t\t\t\t<\/div>\n\t\t<\/div>\n\t\t\t\t<div class=\"elementor-column elementor-col-25 elementor-top-column elementor-element elementor-element-dc2e564\" data-id=\"dc2e564\" data-element_type=\"column\" data-e-type=\"column\">\n\t\t\t<div class=\"elementor-widget-wrap elementor-element-populated\">\n\t\t\t\t\t\t<div class=\"elementor-element elementor-element-2f32706 elementor-widget elementor-widget-text-editor\" data-id=\"2f32706\" data-element_type=\"widget\" data-e-type=\"widget\" data-widget_type=\"text-editor.default\">\n\t\t\t\t<div class=\"elementor-widget-container\">\n\t\t\t\t\t\t\t\t\t<p><blockquote class=\"wp-embedded-content\" data-secret=\"I9zikzNnKe\"><a href=\"https:\/\/thekarateblog.com\/shotokan-vs-kyokushin-karate\/\">Shotokan VS Kyokushin, What&#8217;s Their Difference?<\/a><\/blockquote><iframe class=\"wp-embedded-content\" sandbox=\"allow-scripts\" security=\"restricted\" style=\"position: absolute; clip: rect(1px, 1px, 1px, 1px);\" title=\"&#8220;Shotokan VS Kyokushin, What&#8217;s Their Difference?&#8221; &#8212; The Karate Blog\" src=\"https:\/\/thekarateblog.com\/shotokan-vs-kyokushin-karate\/embed\/#?secret=MMb6EKNaRG#?secret=I9zikzNnKe\" data-secret=\"I9zikzNnKe\" width=\"600\" height=\"338\" frameborder=\"0\" marginwidth=\"0\" marginheight=\"0\" scrolling=\"no\"><\/iframe><\/p>\t\t\t\t\t\t\t\t<\/div>\n\t\t\t\t<\/div>\n\t\t\t\t\t<\/div>\n\t\t<\/div>\n\t\t\t\t\t<\/div>\n\t\t<\/section>\n\t\t\t\t<section class=\"elementor-section elementor-top-section elementor-element elementor-element-18be627 elementor-section-boxed elementor-section-height-default elementor-section-height-default\" data-id=\"18be627\" data-element_type=\"section\" data-e-type=\"section\">\n\t\t\t\t\t\t<div class=\"elementor-container elementor-column-gap-default\">\n\t\t\t\t\t<div class=\"elementor-column elementor-col-25 elementor-top-column elementor-element elementor-element-a6516d3\" data-id=\"a6516d3\" data-element_type=\"column\" data-e-type=\"column\">\n\t\t\t<div class=\"elementor-widget-wrap elementor-element-populated\">\n\t\t\t\t\t\t<div class=\"elementor-element elementor-element-c3a75a4 elementor-widget elementor-widget-text-editor\" data-id=\"c3a75a4\" data-element_type=\"widget\" data-e-type=\"widget\" data-widget_type=\"text-editor.default\">\n\t\t\t\t<div class=\"elementor-widget-container\">\n\t\t\t\t\t\t\t\t\t<p><blockquote class=\"wp-embedded-content\" data-secret=\"lvQf0BdR3j\"><a href=\"https:\/\/revistabudo.com.br\/transformacao-digital-inovacao-e-criatividade-a-servico-da-gestao-esportiva\/\">Transforma\u00e7\u00e3o digital, inova\u00e7\u00e3o e criatividade a servi\u00e7o da gest\u00e3o esportiva<\/a><\/blockquote><iframe class=\"wp-embedded-content\" sandbox=\"allow-scripts\" security=\"restricted\" style=\"position: absolute; clip: rect(1px, 1px, 1px, 1px);\" title=\"&#8220;Transforma\u00e7\u00e3o digital, inova\u00e7\u00e3o e criatividade a servi\u00e7o da gest\u00e3o esportiva&#8221; &#8212; Revista Bud\u00f4\" src=\"https:\/\/revistabudo.com.br\/transformacao-digital-inovacao-e-criatividade-a-servico-da-gestao-esportiva\/embed\/#?secret=lvQf0BdR3j\" data-secret=\"lvQf0BdR3j\" width=\"600\" height=\"338\" frameborder=\"0\" marginwidth=\"0\" marginheight=\"0\" scrolling=\"no\"><\/iframe><\/p>\t\t\t\t\t\t\t\t<\/div>\n\t\t\t\t<\/div>\n\t\t\t\t\t<\/div>\n\t\t<\/div>\n\t\t\t\t<div class=\"elementor-column elementor-col-25 elementor-top-column elementor-element elementor-element-28c0692\" data-id=\"28c0692\" data-element_type=\"column\" data-e-type=\"column\">\n\t\t\t<div class=\"elementor-widget-wrap elementor-element-populated\">\n\t\t\t\t\t\t<div class=\"elementor-element elementor-element-8f3252e elementor-widget elementor-widget-text-editor\" data-id=\"8f3252e\" data-element_type=\"widget\" data-e-type=\"widget\" data-widget_type=\"text-editor.default\">\n\t\t\t\t<div class=\"elementor-widget-container\">\n\t\t\t\t\t\t\t\t\t<p><blockquote class=\"wp-embedded-content\" data-secret=\"XBAhOIfXaw\"><a href=\"https:\/\/revistabudo.com.br\/karate-do-fenomeno-anatomo-neurologico\/\">Karat\u00ea-D\u00f4: fen\u00f4meno an\u00e1tomo-neurol\u00f3gico<\/a><\/blockquote><iframe class=\"wp-embedded-content\" sandbox=\"allow-scripts\" security=\"restricted\" style=\"position: absolute; clip: rect(1px, 1px, 1px, 1px);\" title=\"&#8220;Karat\u00ea-D\u00f4: fen\u00f4meno an\u00e1tomo-neurol\u00f3gico&#8221; &#8212; Revista Bud\u00f4\" src=\"https:\/\/revistabudo.com.br\/karate-do-fenomeno-anatomo-neurologico\/embed\/#?secret=XBAhOIfXaw\" data-secret=\"XBAhOIfXaw\" width=\"600\" height=\"338\" frameborder=\"0\" marginwidth=\"0\" marginheight=\"0\" scrolling=\"no\"><\/iframe><\/p>\t\t\t\t\t\t\t\t<\/div>\n\t\t\t\t<\/div>\n\t\t\t\t\t<\/div>\n\t\t<\/div>\n\t\t\t\t<div class=\"elementor-column elementor-col-25 elementor-top-column elementor-element elementor-element-a0d7de5\" data-id=\"a0d7de5\" data-element_type=\"column\" data-e-type=\"column\">\n\t\t\t<div class=\"elementor-widget-wrap elementor-element-populated\">\n\t\t\t\t\t\t<div class=\"elementor-element elementor-element-e7960cd elementor-widget elementor-widget-text-editor\" data-id=\"e7960cd\" data-element_type=\"widget\" data-e-type=\"widget\" data-widget_type=\"text-editor.default\">\n\t\t\t\t<div class=\"elementor-widget-container\">\n\t\t\t\t\t\t\t\t\t<p><blockquote class=\"wp-embedded-content\" data-secret=\"o0OTBySHQI\"><a href=\"https:\/\/revistabudo.com.br\/douglas-brose-vai-em-busca-do-segundo-ouro-nos-jogos-sul-americanos\/\">Douglas Brose vai em busca do segundo ouro nos Jogos Sul-Americanos<\/a><\/blockquote><iframe class=\"wp-embedded-content\" sandbox=\"allow-scripts\" security=\"restricted\" style=\"position: absolute; clip: rect(1px, 1px, 1px, 1px);\" title=\"&#8220;Douglas Brose vai em busca do segundo ouro nos Jogos Sul-Americanos&#8221; &#8212; Revista Bud\u00f4\" src=\"https:\/\/revistabudo.com.br\/douglas-brose-vai-em-busca-do-segundo-ouro-nos-jogos-sul-americanos\/embed\/#?secret=o0OTBySHQI\" data-secret=\"o0OTBySHQI\" width=\"600\" height=\"338\" frameborder=\"0\" marginwidth=\"0\" marginheight=\"0\" scrolling=\"no\"><\/iframe><\/p>\t\t\t\t\t\t\t\t<\/div>\n\t\t\t\t<\/div>\n\t\t\t\t\t<\/div>\n\t\t<\/div>\n\t\t\t\t<div class=\"elementor-column elementor-col-25 elementor-top-column elementor-element elementor-element-b9baf86\" data-id=\"b9baf86\" data-element_type=\"column\" data-e-type=\"column\">\n\t\t\t<div class=\"elementor-widget-wrap elementor-element-populated\">\n\t\t\t\t\t\t<div class=\"elementor-element elementor-element-d2f42da elementor-widget elementor-widget-text-editor\" data-id=\"d2f42da\" data-element_type=\"widget\" data-e-type=\"widget\" data-widget_type=\"text-editor.default\">\n\t\t\t\t<div class=\"elementor-widget-container\">\n\t\t\t\t\t\t\t\t\t<p><blockquote class=\"wp-embedded-content\" data-secret=\"R2LBo4wrtG\"><a href=\"https:\/\/revistabudo.com.br\/anna-laura-prezzoti-usa-regra-elimina-adversaria-no-ultimo-segundo-e-e-ouro-no-karate\/\">Anna Laura Prezzoti usa regra, elimina advers\u00e1ria no \u00faltimo segundo e \u00e9 ouro no karat\u00ea<\/a><\/blockquote><iframe class=\"wp-embedded-content\" sandbox=\"allow-scripts\" security=\"restricted\" style=\"position: absolute; clip: rect(1px, 1px, 1px, 1px);\" title=\"&#8220;Anna Laura Prezzoti usa regra, elimina advers\u00e1ria no \u00faltimo segundo e \u00e9 ouro no karat\u00ea&#8221; &#8212; Revista Bud\u00f4\" src=\"https:\/\/revistabudo.com.br\/anna-laura-prezzoti-usa-regra-elimina-adversaria-no-ultimo-segundo-e-e-ouro-no-karate\/embed\/#?secret=R2LBo4wrtG\" data-secret=\"R2LBo4wrtG\" width=\"600\" height=\"338\" frameborder=\"0\" marginwidth=\"0\" marginheight=\"0\" scrolling=\"no\"><\/iframe><\/p>\t\t\t\t\t\t\t\t<\/div>\n\t\t\t\t<\/div>\n\t\t\t\t\t<\/div>\n\t\t<\/div>\n\t\t\t\t\t<\/div>\n\t\t<\/section>\n\t\t\t\t<\/div>\n\t\t","protected":false},"excerpt":{"rendered":"<p>Shoshin (\u521d\u5fc3): a mente do principiante e a busca pela sabedoria no Bud\u00f4 Com programa\u00e7\u00e3o extensa 21\u00ba mundial de Karat\u00ea Tradicional da Eslov\u00eania consolida inova\u00e7\u00f5es da ITKF Sobre a chegada do Karate no Brasil Bud\u00f4: a conex\u00e3o Shotokan VS Kyokushin, What&#8217;s Their Difference? Transforma\u00e7\u00e3o digital, inova\u00e7\u00e3o e criatividade a servi\u00e7o da gest\u00e3o esportiva Karat\u00ea-D\u00f4: fen\u00f4meno<\/p>\n<p><a href=\"https:\/\/shotokankarate.com.br\/index.php\/noticias\/\" class=\"more-link themebutton\">Read More<\/a><\/p>\n","protected":false},"author":1,"featured_media":0,"parent":0,"menu_order":0,"comment_status":"closed","ping_status":"closed","template":"","meta":{"om_disable_all_campaigns":false,"_monsterinsights_skip_tracking":false,"_monsterinsights_sitenote_active":false,"_monsterinsights_sitenote_note":"","_monsterinsights_sitenote_category":0,"footnotes":""},"class_list":["post-67","page","type-page","status-publish","hentry"],"aioseo_notices":[],"_links":{"self":[{"href":"https:\/\/shotokankarate.com.br\/index.php\/wp-json\/wp\/v2\/pages\/67","targetHints":{"allow":["GET"]}}],"collection":[{"href":"https:\/\/shotokankarate.com.br\/index.php\/wp-json\/wp\/v2\/pages"}],"about":[{"href":"https:\/\/shotokankarate.com.br\/index.php\/wp-json\/wp\/v2\/types\/page"}],"author":[{"embeddable":true,"href":"https:\/\/shotokankarate.com.br\/index.php\/wp-json\/wp\/v2\/users\/1"}],"replies":[{"embeddable":true,"href":"https:\/\/shotokankarate.com.br\/index.php\/wp-json\/wp\/v2\/comments?post=67"}],"version-history":[{"count":34,"href":"https:\/\/shotokankarate.com.br\/index.php\/wp-json\/wp\/v2\/pages\/67\/revisions"}],"predecessor-version":[{"id":414,"href":"https:\/\/shotokankarate.com.br\/index.php\/wp-json\/wp\/v2\/pages\/67\/revisions\/414"}],"wp:attachment":[{"href":"https:\/\/shotokankarate.com.br\/index.php\/wp-json\/wp\/v2\/media?parent=67"}],"curies":[{"name":"wp","href":"https:\/\/api.w.org\/{rel}","templated":true}]}}